{"id":832,"date":"2020-01-27T15:04:13","date_gmt":"2020-01-27T14:04:13","guid":{"rendered":"https:\/\/cidrekernebzh.monsiteroquette.com\/produit\/livre-nos-recettes-de-cocktails\/"},"modified":"2023-07-07T17:11:34","modified_gmt":"2023-07-07T15:11:34","slug":"livre-nos-recettes-de-cocktails","status":"publish","type":"product","link":"https:\/\/www.cidre-kerne.bzh\/en\/produit\/livre-nos-recettes-de-cocktails\/","title":{"rendered":"Livre &#8220;Nos recettes de cocktails&#8221;"},"content":{"rendered":"","protected":false},"excerpt":{"rendered":"<p>D\u00e9couvrez ou red\u00e9couvrez les cidres et jus de pomme Kern\u00e9 au travers de recettes in\u00e9dites de cocktails et ajoutez une touche de peps \u00e0 vos ap\u00e9ritifs.<\/p>\n<p>Du traditionnel mojito revisit\u00e9 jusqu&#8217;au cocktail rappelant le bleu de l&#8217;Oc\u00e9an, r\u00e9galez-vous avec ces cocktails aux mille saveurs qui raviront les papilles des petits comme des plus grands.<\/p>\n<h3><strong>Prix pour 1\u00a0livre<\/strong><\/h3>\n<h4>Livraison<\/h4>\n<p><strong>Sous 3 \u00e0 7 jours ouvr\u00e9s<\/strong>\u00a0par\u00a0La Poste en\u00a0<u>France m\u00e9tropolitaine<\/u>\u00a0uniquement !<\/p>\n","protected":false},"featured_media":839,"comment_status":"closed","ping_status":"closed","template":"","meta":{"_acf_changed":false,"_seopress_robots_primary_cat":"none","_seopress_titles_title":"","_seopress_titles_desc":"","_seopress_robots_index":""},"product_brand":[],"product_cat":[64],"product_tag":[],"class_list":{"0":"post-832","1":"product","2":"type-product","3":"status-publish","4":"has-post-thumbnail","6":"product_cat-livres","7":"product_shipping_class-poste","9":"first","10":"instock","11":"taxable","12":"shipping-taxable","13":"purchasable","14":"product-type-simple"},"acf":[],"_links":{"self":[{"href":"https:\/\/www.cidre-kerne.bzh\/en\/wp-json\/wp\/v2\/product\/832","targetHints":{"allow":["GET"]}}],"collection":[{"href":"https:\/\/www.cidre-kerne.bzh\/en\/wp-json\/wp\/v2\/product"}],"about":[{"href":"https:\/\/www.cidre-kerne.bzh\/en\/wp-json\/wp\/v2\/types\/product"}],"replies":[{"embeddable":true,"href":"https:\/\/www.cidre-kerne.bzh\/en\/wp-json\/wp\/v2\/comments?post=832"}],"wp:featuredmedia":[{"embeddable":true,"href":"https:\/\/www.cidre-kerne.bzh\/en\/wp-json\/wp\/v2\/media\/839"}],"wp:attachment":[{"href":"https:\/\/www.cidre-kerne.bzh\/en\/wp-json\/wp\/v2\/media?parent=832"}],"wp:term":[{"taxonomy":"product_brand","embeddable":true,"href":"https:\/\/www.cidre-kerne.bzh\/en\/wp-json\/wp\/v2\/product_brand?post=832"},{"taxonomy":"product_cat","embeddable":true,"href":"https:\/\/www.cidre-kerne.bzh\/en\/wp-json\/wp\/v2\/product_cat?post=832"},{"taxonomy":"product_tag","embeddable":true,"href":"https:\/\/www.cidre-kerne.bzh\/en\/wp-json\/wp\/v2\/product_tag?post=832"}],"curies":[{"name":"wp","href":"https:\/\/api.w.org\/{rel}","templated":true}]}}