{"id":828,"date":"2013-10-30T09:39:44","date_gmt":"2013-10-30T08:39:44","guid":{"rendered":"https:\/\/cidrekernebzh.monsiteroquette.com\/produit\/cidre-keltys-bio\/"},"modified":"2026-01-29T10:10:40","modified_gmt":"2026-01-29T09:10:40","slug":"cidre-le-bio","status":"publish","type":"product","link":"https:\/\/www.cidre-kerne.bzh\/en\/produit\/cidre-le-bio\/","title":{"rendered":"Cidre LE BIO Kern\u00e9"},"content":{"rendered":"","protected":false},"excerpt":{"rendered":"<h4><strong>Cidre Bio de caract\u00e8re<\/strong><\/h4>\n<p>Le cidre <strong>LE BIO Kern\u00e9<\/strong> est un <strong>cidre de caract\u00e8re<\/strong> aux puissantes notes aromatiques.<br \/>\nIl se prolonge par des <strong>ar\u00f4mes fruit\u00e9s<\/strong> persistants et complexes. Le tout est conclu par une fine et douce amertume.<\/p>\n<p><strong><em>Ce cidre remplace Le Keltys. Notre gamme Keltys \u00e9volue sous le nom Kern\u00e9 BIO. Ce changement met en valeur notre engagement en faveur de l\u2019agriculture biologique et renforce l\u2019identit\u00e9 de nos produits BIO, tout en maintenant leur authenticit\u00e9 et leur qualit\u00e9 artisanale.<\/em><\/strong><\/p>\n<p>Contenance : 75 cl. &#8211; Teneur en alcool : 4,5% vol.<br \/>\nCommande : par carton de 6 bouteilles<\/p>\n<h3><strong>Prix pour 1 carton de 6 bouteilles<\/strong><\/h3>\n","protected":false},"featured_media":11853,"comment_status":"closed","ping_status":"closed","template":"","meta":{"_acf_changed":false,"_seopress_robots_primary_cat":"none","_seopress_titles_title":"","_seopress_titles_desc":"","_seopress_robots_index":""},"product_brand":[],"product_cat":[23],"product_tag":[57,58],"class_list":{"0":"post-828","1":"product","2":"type-product","3":"status-publish","4":"has-post-thumbnail","6":"product_cat-cidres","7":"product_tag-cidre-bio","8":"product_tag-keltys","10":"first","11":"instock","12":"featured","13":"taxable","14":"shipping-taxable","15":"purchasable","16":"product-type-simple"},"acf":[],"_links":{"self":[{"href":"https:\/\/www.cidre-kerne.bzh\/en\/wp-json\/wp\/v2\/product\/828","targetHints":{"allow":["GET"]}}],"collection":[{"href":"https:\/\/www.cidre-kerne.bzh\/en\/wp-json\/wp\/v2\/product"}],"about":[{"href":"https:\/\/www.cidre-kerne.bzh\/en\/wp-json\/wp\/v2\/types\/product"}],"replies":[{"embeddable":true,"href":"https:\/\/www.cidre-kerne.bzh\/en\/wp-json\/wp\/v2\/comments?post=828"}],"wp:featuredmedia":[{"embeddable":true,"href":"https:\/\/www.cidre-kerne.bzh\/en\/wp-json\/wp\/v2\/media\/11853"}],"wp:attachment":[{"href":"https:\/\/www.cidre-kerne.bzh\/en\/wp-json\/wp\/v2\/media?parent=828"}],"wp:term":[{"taxonomy":"product_brand","embeddable":true,"href":"https:\/\/www.cidre-kerne.bzh\/en\/wp-json\/wp\/v2\/product_brand?post=828"},{"taxonomy":"product_cat","embeddable":true,"href":"https:\/\/www.cidre-kerne.bzh\/en\/wp-json\/wp\/v2\/product_cat?post=828"},{"taxonomy":"product_tag","embeddable":true,"href":"https:\/\/www.cidre-kerne.bzh\/en\/wp-json\/wp\/v2\/product_tag?post=828"}],"curies":[{"name":"wp","href":"https:\/\/api.w.org\/{rel}","templated":true}]}}