{"id":826,"date":"2013-10-30T09:37:30","date_gmt":"2013-10-30T08:37:30","guid":{"rendered":"https:\/\/cidrekernebzh.monsiteroquette.com\/produit\/le-kerne-doux\/"},"modified":"2026-01-29T10:11:22","modified_gmt":"2026-01-29T09:11:22","slug":"le-kerne-doux","status":"publish","type":"product","link":"https:\/\/www.cidre-kerne.bzh\/en\/produit\/le-kerne-doux\/","title":{"rendered":"Le Kern\u00e9 Doux"},"content":{"rendered":"","protected":false},"excerpt":{"rendered":"<h4><strong>Gourmand et D\u00e9licat<\/strong><\/h4>\n<p>Le Kerne\u0301 &#8220;Doux&#8221; est un <strong>cidre artisanal gourmand et d\u00e9licat<\/strong> \u00e0 la saveur sucr\u00e9e et aux subtils parfums de pommes. Son effervescence procure une douce sensation de p\u00e9tillance et r\u00e9v\u00e8le toutes ses <strong>saveurs fruit\u00e9es<\/strong>.<br \/>\nSa douceur est id\u00e9ale pour accompagner les go\u00fbters et les desserts, et il est particuli\u00e8rement appr\u00e9ci\u00e9 avec toutes les cr\u00eapes sucr\u00e9es.<\/p>\n<p>Contenance : 75 cl. &#8211; Teneur en alcool : 2,5% vol.<br \/>\nCommande : par carton de 6 bouteilles<strong><br \/>\n<\/strong><\/p>\n<h3><strong>Prix pour 1 carton de 6 bouteilles<\/strong><\/h3>\n","protected":false},"featured_media":9950,"comment_status":"closed","ping_status":"closed","template":"","meta":{"_acf_changed":false,"_seopress_robots_primary_cat":"none","_seopress_titles_title":"","_seopress_titles_desc":"","_seopress_robots_index":""},"product_brand":[],"product_cat":[23],"product_tag":[54,51,55],"class_list":{"0":"post-826","1":"product","2":"type-product","3":"status-publish","4":"has-post-thumbnail","6":"product_cat-cidres","7":"product_tag-cidre","8":"product_tag-kerne","9":"product_tag-kerne-doux","11":"first","12":"instock","13":"taxable","14":"shipping-taxable","15":"purchasable","16":"product-type-simple"},"acf":[],"_links":{"self":[{"href":"https:\/\/www.cidre-kerne.bzh\/en\/wp-json\/wp\/v2\/product\/826","targetHints":{"allow":["GET"]}}],"collection":[{"href":"https:\/\/www.cidre-kerne.bzh\/en\/wp-json\/wp\/v2\/product"}],"about":[{"href":"https:\/\/www.cidre-kerne.bzh\/en\/wp-json\/wp\/v2\/types\/product"}],"replies":[{"embeddable":true,"href":"https:\/\/www.cidre-kerne.bzh\/en\/wp-json\/wp\/v2\/comments?post=826"}],"wp:featuredmedia":[{"embeddable":true,"href":"https:\/\/www.cidre-kerne.bzh\/en\/wp-json\/wp\/v2\/media\/9950"}],"wp:attachment":[{"href":"https:\/\/www.cidre-kerne.bzh\/en\/wp-json\/wp\/v2\/media?parent=826"}],"wp:term":[{"taxonomy":"product_brand","embeddable":true,"href":"https:\/\/www.cidre-kerne.bzh\/en\/wp-json\/wp\/v2\/product_brand?post=826"},{"taxonomy":"product_cat","embeddable":true,"href":"https:\/\/www.cidre-kerne.bzh\/en\/wp-json\/wp\/v2\/product_cat?post=826"},{"taxonomy":"product_tag","embeddable":true,"href":"https:\/\/www.cidre-kerne.bzh\/en\/wp-json\/wp\/v2\/product_tag?post=826"}],"curies":[{"name":"wp","href":"https:\/\/api.w.org\/{rel}","templated":true}]}}