{"id":824,"date":"2013-10-30T09:34:48","date_gmt":"2013-10-30T08:34:48","guid":{"rendered":"https:\/\/cidrekernebzh.monsiteroquette.com\/produit\/le-kerne\/"},"modified":"2026-01-29T10:12:04","modified_gmt":"2026-01-29T09:12:04","slug":"le-kerne","status":"publish","type":"product","link":"https:\/\/www.cidre-kerne.bzh\/en\/produit\/le-kerne\/","title":{"rendered":"Le Kern\u00e9"},"content":{"rendered":"","protected":false},"excerpt":{"rendered":"<h4><strong>Intense\u00a0et G\u00e9n\u00e9reux<\/strong><\/h4>\n<p>Le &#8220;Kern\u00e9&#8221; est un <strong>cidre artisanal de caract\u00e8re<\/strong> aux ar\u00f4mes intenses et g\u00e9n\u00e9reux, fruit d&#8217;un subtil \u00e9quilibre.<br \/>\nSon effervescence procure une douce sensation de p\u00e9tillance et r\u00e9v\u00e8le toutes ses <strong>saveurs fruit\u00e9es<\/strong>.<\/p>\n<p>Contenance : 75 cl. &#8211; Teneur en alcool : 4,5% vol.<br \/>\nCommande : par carton de 6 bouteilles<\/p>\n<h3><strong>Prix pour 1 carton de 6 bouteilles<\/strong><\/h3>\n","protected":false},"featured_media":9952,"comment_status":"closed","ping_status":"closed","template":"","meta":{"_acf_changed":false,"_seopress_robots_primary_cat":"none","_seopress_titles_title":"","_seopress_titles_desc":"","_seopress_robots_index":""},"product_brand":[],"product_cat":[23],"product_tag":[],"class_list":{"0":"post-824","1":"product","2":"type-product","3":"status-publish","4":"has-post-thumbnail","6":"product_cat-cidres","8":"first","9":"instock","10":"featured","11":"taxable","12":"shipping-taxable","13":"purchasable","14":"product-type-simple"},"acf":[],"_links":{"self":[{"href":"https:\/\/www.cidre-kerne.bzh\/en\/wp-json\/wp\/v2\/product\/824","targetHints":{"allow":["GET"]}}],"collection":[{"href":"https:\/\/www.cidre-kerne.bzh\/en\/wp-json\/wp\/v2\/product"}],"about":[{"href":"https:\/\/www.cidre-kerne.bzh\/en\/wp-json\/wp\/v2\/types\/product"}],"replies":[{"embeddable":true,"href":"https:\/\/www.cidre-kerne.bzh\/en\/wp-json\/wp\/v2\/comments?post=824"}],"wp:featuredmedia":[{"embeddable":true,"href":"https:\/\/www.cidre-kerne.bzh\/en\/wp-json\/wp\/v2\/media\/9952"}],"wp:attachment":[{"href":"https:\/\/www.cidre-kerne.bzh\/en\/wp-json\/wp\/v2\/media?parent=824"}],"wp:term":[{"taxonomy":"product_brand","embeddable":true,"href":"https:\/\/www.cidre-kerne.bzh\/en\/wp-json\/wp\/v2\/product_brand?post=824"},{"taxonomy":"product_cat","embeddable":true,"href":"https:\/\/www.cidre-kerne.bzh\/en\/wp-json\/wp\/v2\/product_cat?post=824"},{"taxonomy":"product_tag","embeddable":true,"href":"https:\/\/www.cidre-kerne.bzh\/en\/wp-json\/wp\/v2\/product_tag?post=824"}],"curies":[{"name":"wp","href":"https:\/\/api.w.org\/{rel}","templated":true}]}}